{"id":736,"date":"2019-10-23T11:14:35","date_gmt":"2019-10-23T15:14:35","guid":{"rendered":"https:\/\/photopatrick.com\/pp\/?page_id=736"},"modified":"2024-09-12T11:08:23","modified_gmt":"2024-09-12T15:08:23","slug":"bon-de-commande","status":"publish","type":"page","link":"https:\/\/photopatrick.com\/pp\/","title":{"rendered":"Bon de commande"},"content":{"rendered":"\n<div role=\"form\" class=\"wpcf7\" id=\"wpcf7-f4554-o1\" lang=\"fr-FR\" dir=\"ltr\">\n<div class=\"screen-reader-response\"><p role=\"status\" aria-live=\"polite\" aria-atomic=\"true\"><\/p> <ul><\/ul><\/div>\n<form action=\"\/pp\/wp-json\/wp\/v2\/pages\/736#wpcf7-f4554-o1\" method=\"post\" class=\"wpcf7-form init\" novalidate=\"novalidate\" data-status=\"init\">\n<div style=\"display: none;\">\n<input type=\"hidden\" name=\"_wpcf7\" value=\"4554\" \/>\n<input type=\"hidden\" name=\"_wpcf7_version\" value=\"5.3.2\" \/>\n<input type=\"hidden\" name=\"_wpcf7_locale\" value=\"fr_FR\" \/>\n<input type=\"hidden\" name=\"_wpcf7_unit_tag\" value=\"wpcf7-f4554-o1\" \/>\n<input type=\"hidden\" name=\"_wpcf7_container_post\" value=\"0\" \/>\n<input type=\"hidden\" name=\"_wpcf7_posted_data_hash\" value=\"\" \/>\n<\/div>\n<p>Nom de l'institution<br \/>\n<span class=\"wpcf7-form-control-wrap checkbox-institution\"><span class=\"wpcf7-form-control wpcf7-checkbox wpcf7-validates-as-required wpcf7-exclusive-checkbox\"><span class=\"wpcf7-list-item first\"><span class=\"wpcf7-list-item-label\">UQAM<\/span><input type=\"checkbox\" name=\"checkbox-institution\" value=\"UQAM\" \/><\/span><span class=\"wpcf7-list-item\"><span class=\"wpcf7-list-item-label\">UQTR<\/span><input type=\"checkbox\" name=\"checkbox-institution\" value=\"UQTR\" \/><\/span><span class=\"wpcf7-list-item\"><span class=\"wpcf7-list-item-label\">UdM<\/span><input type=\"checkbox\" name=\"checkbox-institution\" value=\"UdM\" \/><\/span><span class=\"wpcf7-list-item\"><span class=\"wpcf7-list-item-label\">Poly<\/span><input type=\"checkbox\" name=\"checkbox-institution\" value=\"Poly\" \/><\/span><span class=\"wpcf7-list-item\"><span class=\"wpcf7-list-item-label\">U Laval<\/span><input type=\"checkbox\" name=\"checkbox-institution\" value=\"U Laval\" \/><\/span><span class=\"wpcf7-list-item\"><span class=\"wpcf7-list-item-label\">U Sherbrooke<\/span><input type=\"checkbox\" name=\"checkbox-institution\" value=\"U Sherbrooke\" \/><\/span><span class=\"wpcf7-list-item last\"><span class=\"wpcf7-list-item-label\">\u00c9TS<\/span><input type=\"checkbox\" name=\"checkbox-institution\" value=\"\u00c9TS\" \/><\/span><\/span><\/span><br \/>\nD\u00e9partement:<br \/>\n<span class=\"wpcf7-form-control-wrap text-departement\"><input type=\"text\" name=\"text-departement\" value=\"\" size=\"40\" class=\"wpcf7-form-control wpcf7-text wpcf7-validates-as-required\" aria-required=\"true\" aria-invalid=\"false\" \/><\/span><br \/>\nNom:<br \/>\n<span class=\"wpcf7-form-control-wrap nom\"><input type=\"text\" name=\"nom\" value=\"\" size=\"40\" class=\"wpcf7-form-control wpcf7-text wpcf7-validates-as-required\" aria-required=\"true\" aria-invalid=\"false\" \/><\/span><br \/>\nPr\u00e9nom:<br \/>\n<span class=\"wpcf7-form-control-wrap prenom\"><input type=\"text\" name=\"prenom\" value=\"\" size=\"40\" class=\"wpcf7-form-control wpcf7-text wpcf7-validates-as-required\" aria-required=\"true\" aria-invalid=\"false\" \/><\/span><br \/>\nAdresse postale:<br \/>\n<span class=\"wpcf7-form-control-wrap adresse-postale\"><input type=\"text\" name=\"adresse-postale\" value=\"\" size=\"40\" class=\"wpcf7-form-control wpcf7-text wpcf7-validates-as-required\" aria-required=\"true\" aria-invalid=\"false\" \/><\/span><br \/>\nVille:<br \/>\n<span class=\"wpcf7-form-control-wrap ville\"><input type=\"text\" name=\"ville\" value=\"\" size=\"40\" class=\"wpcf7-form-control wpcf7-text wpcf7-validates-as-required\" aria-required=\"true\" aria-invalid=\"false\" \/><\/span><br \/>\nProvince:<br \/>\n<span class=\"wpcf7-form-control-wrap province\"><input type=\"text\" name=\"province\" value=\"\" size=\"40\" class=\"wpcf7-form-control wpcf7-text wpcf7-validates-as-required\" aria-required=\"true\" aria-invalid=\"false\" \/><\/span><br \/>\ncode postal:<br \/>\n<span class=\"wpcf7-form-control-wrap cp\"><input type=\"text\" name=\"cp\" value=\"\" size=\"40\" class=\"wpcf7-form-control wpcf7-text wpcf7-validates-as-required\" aria-required=\"true\" aria-invalid=\"false\" placeholder=\"X0X 0X0\" \/><\/span><br \/>\nT\u00e9l\u00e9phone:<br \/>\n<span class=\"wpcf7-form-control-wrap tel-545\"><input type=\"tel\" name=\"tel-545\" value=\"\" size=\"40\" class=\"wpcf7-form-control wpcf7-text wpcf7-tel wpcf7-validates-as-tel\" aria-invalid=\"false\" placeholder=\"514-123-4567\" \/><\/span><\/p>\n<p><span class=\"wpcf7-form-control-wrap checkbox-forfait\"><span class=\"wpcf7-form-control wpcf7-checkbox wpcf7-validates-as-required\"><span class=\"wpcf7-list-item first\"><span class=\"wpcf7-list-item-label\">forfait A<\/span><input type=\"checkbox\" name=\"checkbox-forfait[]\" value=\"forfait A\" \/><\/span><span class=\"wpcf7-list-item\"><span class=\"wpcf7-list-item-label\">forfait B<\/span><input type=\"checkbox\" name=\"checkbox-forfait[]\" value=\"forfait B\" \/><\/span><span class=\"wpcf7-list-item\"><span class=\"wpcf7-list-item-label\">forfait C<\/span><input type=\"checkbox\" name=\"checkbox-forfait[]\" value=\"forfait C\" \/><\/span><span class=\"wpcf7-list-item\"><span class=\"wpcf7-list-item-label\">forfait D<\/span><input type=\"checkbox\" name=\"checkbox-forfait[]\" value=\"forfait D\" \/><\/span><span class=\"wpcf7-list-item\"><span class=\"wpcf7-list-item-label\">forfait E1<\/span><input type=\"checkbox\" name=\"checkbox-forfait[]\" value=\"forfait E1\" \/><\/span><span class=\"wpcf7-list-item\"><span class=\"wpcf7-list-item-label\">forfait E2<\/span><input type=\"checkbox\" name=\"checkbox-forfait[]\" value=\"forfait E2\" \/><\/span><span class=\"wpcf7-list-item\"><span class=\"wpcf7-list-item-label\">forfait E3<\/span><input type=\"checkbox\" name=\"checkbox-forfait[]\" value=\"forfait E3\" \/><\/span><span class=\"wpcf7-list-item\"><span class=\"wpcf7-list-item-label\">forfait E4<\/span><input type=\"checkbox\" name=\"checkbox-forfait[]\" value=\"forfait E4\" \/><\/span><span class=\"wpcf7-list-item last\"><span class=\"wpcf7-list-item-label\">forfait F<\/span><input type=\"checkbox\" name=\"checkbox-forfait[]\" value=\"forfait F\" \/><\/span><\/span><\/span><br \/>\n 1x Forfait E1 ou E2 ou E3 ou E4 GRATUIT \u00e0 l'achat d'un forfait A ou B si la commande est pass\u00e9e avant la date limite (date indiqu\u00e9e sous les \u00e9chantillons)<br \/>\n[group group-forfaita]<br \/>\nForfait A<br \/>\ninscrire le num\u00e9ro de la photo 0000-00-00_0000<br \/>\n3 \u00e9preuves max<br \/>\n2 photos 8\" x 10\"<br \/>\n2 photos 5\" x 7\" - 2 photos 3,5\" x 5,5\"<br \/>\n4 photos 2,5\" x 3,5\"<br \/>\n<span class=\"wpcf7-form-control-wrap text-FA1\"><input type=\"text\" name=\"text-FA1\" value=\"\" size=\"30\" maxlength=\"15\" class=\"wpcf7-form-control wpcf7-text\" aria-invalid=\"false\" placeholder=\"0000-00-00_0000\" \/><\/span><br \/>\n<span class=\"wpcf7-form-control-wrap text-FA2\"><input type=\"text\" name=\"text-FA2\" value=\"\" size=\"30\" maxlength=\"15\" class=\"wpcf7-form-control wpcf7-text\" aria-invalid=\"false\" placeholder=\"0000-00-00_0000\" \/><\/span><br \/>\n<span class=\"wpcf7-form-control-wrap text-FA3\"><input type=\"text\" name=\"text-FA3\" value=\"\" size=\"30\" maxlength=\"15\" class=\"wpcf7-form-control wpcf7-text\" aria-invalid=\"false\" placeholder=\"0000-00-00_0000\" \/><\/span><br \/>\n<span class=\"wpcf7-form-control-wrap radio-fa\"><span class=\"wpcf7-form-control wpcf7-radio\"><span class=\"wpcf7-list-item first\"><label><span class=\"wpcf7-list-item-label\">non--0<\/span><input type=\"radio\" name=\"radio-fa\" value=\"non--0\" checked=\"checked\" \/><\/label><\/span><span class=\"wpcf7-list-item last\"><label><span class=\"wpcf7-list-item-label\">Prix $139 photos num\u00e9riques incluses--139<\/span><input type=\"radio\" name=\"radio-fa\" value=\"Prix $139 photos num\u00e9riques incluses--139\" \/><\/label><\/span><\/span><\/span><\/p>\n<p>choisir deux forfaits gratuit d'une valeur de $27 parmi les suivants:<br \/>\ninscrire le num\u00e9ro de la photo 0000-00-00_0000<br \/>\nForfait E1: 1X  8\" x 10\"  <span class=\"wpcf7-form-control-wrap text-FE1GA\"><input type=\"text\" name=\"text-FE1GA\" value=\"\" size=\"30\" maxlength=\"15\" class=\"wpcf7-form-control wpcf7-text\" aria-invalid=\"false\" placeholder=\"0000-00-00_0000\" \/><\/span><\/p>\n<p>forfait E2: 2X  5\" x 7\"  <span class=\"wpcf7-form-control-wrap text-FE2GA\"><input type=\"text\" name=\"text-FE2GA\" value=\"\" size=\"30\" maxlength=\"15\" class=\"wpcf7-form-control wpcf7-text\" aria-invalid=\"false\" placeholder=\"0000-00-00_0000\" \/><\/span><\/p>\n<p>Forfait E3: 4X  3,5\" x 5,5\"  <span class=\"wpcf7-form-control-wrap text-FE3GA\"><input type=\"text\" name=\"text-FE3GA\" value=\"\" size=\"30\" maxlength=\"15\" class=\"wpcf7-form-control wpcf7-text\" aria-invalid=\"false\" placeholder=\"0000-00-00_0000\" \/><\/span><\/p>\n<p>Forfait E4: 8X  2,5\" x 3,5\"  <span class=\"wpcf7-form-control-wrap text-FE4GA\"><input type=\"text\" name=\"text-FE4GA\" value=\"\" size=\"30\" maxlength=\"15\" class=\"wpcf7-form-control wpcf7-text\" aria-invalid=\"false\" placeholder=\"0000-00-00_0000\" \/><\/span><br \/>\n__________________________________________________________<br \/>\n[\/group]<\/p>\n<p>[group group-forfaitb]<br \/>\nForfait B<br \/>\ninscrire le num\u00e9ro de la photo 0000-00-00_0000<br \/>\n3 \u00e9preuves max<br \/>\n1X  8\" x 10\" <span class=\"wpcf7-form-control-wrap text-FB1\"><input type=\"text\" name=\"text-FB1\" value=\"\" size=\"30\" maxlength=\"15\" class=\"wpcf7-form-control wpcf7-text\" aria-invalid=\"false\" placeholder=\"0000-00-00_0000\" \/><\/span><br \/>\n1X  8\" x 10\" <span class=\"wpcf7-form-control-wrap text-FB2\"><input type=\"text\" name=\"text-FB2\" value=\"\" size=\"30\" maxlength=\"15\" class=\"wpcf7-form-control wpcf7-text\" aria-invalid=\"false\" placeholder=\"0000-00-00_0000\" \/><\/span><br \/>\n1X  5\" x 7\" - 2X 3,5\" x 5,5\" <span class=\"wpcf7-form-control-wrap text-FB3\"><input type=\"text\" name=\"text-FB3\" value=\"\" size=\"30\" maxlength=\"15\" class=\"wpcf7-form-control wpcf7-text\" aria-invalid=\"false\" placeholder=\"0000-00-00_0000\" \/><\/span><br \/>\n1X  5\" x 7\" - 2X 3,5\" x 5,5\" <span class=\"wpcf7-form-control-wrap text-FB4\"><input type=\"text\" name=\"text-FB4\" value=\"\" size=\"30\" maxlength=\"15\" class=\"wpcf7-form-control wpcf7-text\" aria-invalid=\"false\" placeholder=\"0000-00-00_0000\" \/><\/span><br \/>\n2X  3,5\" x 5,5\" - 4X 2,5\" x 3,5\" <span class=\"wpcf7-form-control-wrap text-FB5\"><input type=\"text\" name=\"text-FB5\" value=\"\" size=\"30\" maxlength=\"15\" class=\"wpcf7-form-control wpcf7-text\" aria-invalid=\"false\" placeholder=\"0000-00-00_0000\" \/><\/span><br \/>\n<span class=\"wpcf7-form-control-wrap radio-fb\"><span class=\"wpcf7-form-control wpcf7-radio\"><span class=\"wpcf7-list-item first\"><label><span class=\"wpcf7-list-item-label\">non--0<\/span><input type=\"radio\" name=\"radio-fb\" value=\"non--0\" checked=\"checked\" \/><\/label><\/span><span class=\"wpcf7-list-item\"><label><span class=\"wpcf7-list-item-label\">Prix avec photos num\u00e9rique $98--98<\/span><input type=\"radio\" name=\"radio-fb\" value=\"Prix avec photos num\u00e9rique $98--98\" \/><\/label><\/span><span class=\"wpcf7-list-item last\"><label><span class=\"wpcf7-list-item-label\">Prix sans photos num\u00e9rique $71--71<\/span><input type=\"radio\" name=\"radio-fb\" value=\"Prix sans photos num\u00e9rique $71--71\" \/><\/label><\/span><\/span><\/span><\/p>\n<p>__________________________________________________________<br \/>\nchoisir deux forfaits gratuit d'une valeur de $27 parmi les suivants:<br \/>\ninscrire le num\u00e9ro de la photo 0000-00-00_0000<br \/>\nForfait E1: 1X  8\" x 10\"  <span class=\"wpcf7-form-control-wrap text-FE1GB\"><input type=\"text\" name=\"text-FE1GB\" value=\"\" size=\"30\" maxlength=\"15\" class=\"wpcf7-form-control wpcf7-text\" aria-invalid=\"false\" placeholder=\"0000-00-00_0000\" \/><\/span><\/p>\n<p>forfait E2: 2X  5\" x 7\"  <span class=\"wpcf7-form-control-wrap text-FE2GB\"><input type=\"text\" name=\"text-FE2GB\" value=\"\" size=\"30\" maxlength=\"15\" class=\"wpcf7-form-control wpcf7-text\" aria-invalid=\"false\" placeholder=\"0000-00-00_0000\" \/><\/span><\/p>\n<p>Forfait E3 4X  3,5\" x 5,5\"  <span class=\"wpcf7-form-control-wrap text-FE3GB\"><input type=\"text\" name=\"text-FE3GB\" value=\"\" size=\"30\" maxlength=\"15\" class=\"wpcf7-form-control wpcf7-text\" aria-invalid=\"false\" placeholder=\"0000-00-00_0000\" \/><\/span><\/p>\n<p>Forfait E4 8X  2,5\" x 3,5\"  <span class=\"wpcf7-form-control-wrap text-FE4GB\"><input type=\"text\" name=\"text-FE4GB\" value=\"\" size=\"30\" maxlength=\"15\" class=\"wpcf7-form-control wpcf7-text\" aria-invalid=\"false\" placeholder=\"0000-00-00_0000\" \/><\/span><br \/>\n__________________________________________________________<br \/>\n[\/group]<\/p>\n<p>[group group-forfaitc]<br \/>\nForfait C<br \/>\ninscrire le num\u00e9ro de la photo 0000-00-00_0000<br \/>\n2 \u00e9preuves max<br \/>\n1X  8\" x 10\" <span class=\"wpcf7-form-control-wrap text-FC1\"><input type=\"text\" name=\"text-FC1\" value=\"\" size=\"30\" maxlength=\"15\" class=\"wpcf7-form-control wpcf7-text\" aria-invalid=\"false\" placeholder=\"0000-00-00_0000\" \/><\/span><br \/>\n1X  5\" x 7\" - 2X 3,5\" x 5,5\" <span class=\"wpcf7-form-control-wrap text-FC2\"><input type=\"text\" name=\"text-FC2\" value=\"\" size=\"30\" maxlength=\"15\" class=\"wpcf7-form-control wpcf7-text\" aria-invalid=\"false\" placeholder=\"0000-00-00_0000\" \/><\/span><br \/>\n2X  3,5\" x 5,5\" - 4X 2,5\" x 3,5\" <span class=\"wpcf7-form-control-wrap text-FC3\"><input type=\"text\" name=\"text-FC3\" value=\"\" size=\"30\" maxlength=\"15\" class=\"wpcf7-form-control wpcf7-text\" aria-invalid=\"false\" placeholder=\"0000-00-00_0000\" \/><\/span><br \/>\n<span class=\"wpcf7-form-control-wrap radio-fc\"><span class=\"wpcf7-form-control wpcf7-radio\"><span class=\"wpcf7-list-item first\"><label><span class=\"wpcf7-list-item-label\">non--0<\/span><input type=\"radio\" name=\"radio-fc\" value=\"non--0\" checked=\"checked\" \/><\/label><\/span><span class=\"wpcf7-list-item\"><label><span class=\"wpcf7-list-item-label\">Prix avec photos num\u00e9rique $82--82<\/span><input type=\"radio\" name=\"radio-fc\" value=\"Prix avec photos num\u00e9rique $82--82\" \/><\/label><\/span><span class=\"wpcf7-list-item last\"><label><span class=\"wpcf7-list-item-label\">Prix sans photos num\u00e9rique $49--49<\/span><input type=\"radio\" name=\"radio-fc\" value=\"Prix sans photos num\u00e9rique $49--49\" \/><\/label><\/span><\/span><\/span><br \/>\n__________________________________________________________<br \/>\n[\/group]<\/p>\n<p>[group group-forfaitd]<br \/>\nForfait D<br \/>\ninscrire le num\u00e9ro de la photo 0000-00-00_0000<br \/>\n1 \u00e9preuve max<br \/>\n1X  5\" x 7\" - 2X 3,5\" x 5,5\" <span class=\"wpcf7-form-control-wrap text-FD1\"><input type=\"text\" name=\"text-FD1\" value=\"\" size=\"30\" maxlength=\"15\" class=\"wpcf7-form-control wpcf7-text\" aria-invalid=\"false\" placeholder=\"0000-00-00_0000\" \/><\/span><br \/>\n<span class=\"wpcf7-form-control-wrap radio-fd\"><span class=\"wpcf7-form-control wpcf7-radio\"><span class=\"wpcf7-list-item first\"><label><span class=\"wpcf7-list-item-label\">non--0<\/span><input type=\"radio\" name=\"radio-fd\" value=\"non--0\" checked=\"checked\" \/><\/label><\/span><span class=\"wpcf7-list-item\"><label><span class=\"wpcf7-list-item-label\">Prix avec photos num\u00e9rique $71--71<\/span><input type=\"radio\" name=\"radio-fd\" value=\"Prix avec photos num\u00e9rique $71--71\" \/><\/label><\/span><span class=\"wpcf7-list-item last\"><label><span class=\"wpcf7-list-item-label\">Prix sans photos num\u00e9rique $27--27<\/span><input type=\"radio\" name=\"radio-fd\" value=\"Prix sans photos num\u00e9rique $27--27\" \/><\/label><\/span><\/span><\/span><br \/>\n__________________________________________________________<br \/>\n[\/group]<\/p>\n<p>[group group-forfaite1]<br \/>\nForfait E1<br \/>\ninscrire le num\u00e9ro de la photo 0000-00-00_0000<br \/>\n1 \u00e9preuve max<br \/>\n1X  8\" x 10\"  <span class=\"wpcf7-form-control-wrap text-FE1\"><input type=\"text\" name=\"text-FE1\" value=\"\" size=\"30\" maxlength=\"15\" class=\"wpcf7-form-control wpcf7-text\" aria-invalid=\"false\" placeholder=\"0000-00-00_0000\" \/><\/span><br \/>\n<span class=\"wpcf7-form-control-wrap radio-fe1\"><span class=\"wpcf7-form-control wpcf7-radio\"><span class=\"wpcf7-list-item first\"><label><span class=\"wpcf7-list-item-label\">non--0<\/span><input type=\"radio\" name=\"radio-fe1\" value=\"non--0\" checked=\"checked\" \/><\/label><\/span><span class=\"wpcf7-list-item last\"><label><span class=\"wpcf7-list-item-label\">Prix: $27--27<\/span><input type=\"radio\" name=\"radio-fe1\" value=\"Prix: $27--27\" \/><\/label><\/span><\/span><\/span><br \/>\n__________________________________________________________<br \/>\n[\/group]<\/p>\n<p>[group group-forfaite2]<br \/>\nForfait E2<br \/>\ninscrire le num\u00e9ro de la photo 0000-00-00_0000<br \/>\n1 \u00e9preuve max<br \/>\n2X  5\" x 7\"  <span class=\"wpcf7-form-control-wrap text-FE2\"><input type=\"text\" name=\"text-FE2\" value=\"\" size=\"30\" maxlength=\"15\" class=\"wpcf7-form-control wpcf7-text\" aria-invalid=\"false\" placeholder=\"0000-00-00_0000\" \/><\/span><br \/>\n<span class=\"wpcf7-form-control-wrap radio-fe2\"><span class=\"wpcf7-form-control wpcf7-radio\"><span class=\"wpcf7-list-item first\"><label><span class=\"wpcf7-list-item-label\">non--0<\/span><input type=\"radio\" name=\"radio-fe2\" value=\"non--0\" checked=\"checked\" \/><\/label><\/span><span class=\"wpcf7-list-item last\"><label><span class=\"wpcf7-list-item-label\">Prix: $27--27<\/span><input type=\"radio\" name=\"radio-fe2\" value=\"Prix: $27--27\" \/><\/label><\/span><\/span><\/span><br \/>\n__________________________________________________________<br \/>\n[\/group]<\/p>\n<p>[group group-forfaite3]<br \/>\nForfait E3<br \/>\ninscrire le num\u00e9ro de la photo 0000-00-00_0000<br \/>\n1 \u00e9preuve max<br \/>\n4X  3,5\" x 5,5\"  <span class=\"wpcf7-form-control-wrap text-FE3\"><input type=\"text\" name=\"text-FE3\" value=\"\" size=\"30\" maxlength=\"15\" class=\"wpcf7-form-control wpcf7-text\" aria-invalid=\"false\" placeholder=\"0000-00-00_0000\" \/><\/span><br \/>\n<span class=\"wpcf7-form-control-wrap radio-fe3\"><span class=\"wpcf7-form-control wpcf7-radio\"><span class=\"wpcf7-list-item first\"><label><span class=\"wpcf7-list-item-label\">non--0<\/span><input type=\"radio\" name=\"radio-fe3\" value=\"non--0\" checked=\"checked\" \/><\/label><\/span><span class=\"wpcf7-list-item last\"><label><span class=\"wpcf7-list-item-label\">Prix: $27--27<\/span><input type=\"radio\" name=\"radio-fe3\" value=\"Prix: $27--27\" \/><\/label><\/span><\/span><\/span><br \/>\n__________________________________________________________<br \/>\n[\/group]<\/p>\n<p>[group group-forfaite4]<br \/>\nForfait E4<br \/>\ninscrire le num\u00e9ro de la photo 0000-00-00_0000<br \/>\n1 \u00e9preuve max<br \/>\n8X  2,5\" x 3,5\"  <span class=\"wpcf7-form-control-wrap text-FE4\"><input type=\"text\" name=\"text-FE4\" value=\"\" size=\"30\" maxlength=\"15\" class=\"wpcf7-form-control wpcf7-text\" aria-invalid=\"false\" placeholder=\"0000-00-00_0000\" \/><\/span><br \/>\n<span class=\"wpcf7-form-control-wrap radio-fe4\"><span class=\"wpcf7-form-control wpcf7-radio\"><span class=\"wpcf7-list-item first\"><label><span class=\"wpcf7-list-item-label\">non--0<\/span><input type=\"radio\" name=\"radio-fe4\" value=\"non--0\" checked=\"checked\" \/><\/label><\/span><span class=\"wpcf7-list-item last\"><label><span class=\"wpcf7-list-item-label\">Prix: $27--27<\/span><input type=\"radio\" name=\"radio-fe4\" value=\"Prix: $27--27\" \/><\/label><\/span><\/span><\/span><br \/>\n__________________________________________________________<br \/>\n[\/group]<\/p>\n<p>[group group-forfaitf]<br \/>\nForfait F<br \/>\nPhotos num\u00e9riques<br \/>\n<span class=\"wpcf7-form-control-wrap radio-ff\"><span class=\"wpcf7-form-control wpcf7-radio\"><span class=\"wpcf7-list-item first\"><label><span class=\"wpcf7-list-item-label\">non--0<\/span><input type=\"radio\" name=\"radio-ff\" value=\"non--0\" checked=\"checked\" \/><\/label><\/span><span class=\"wpcf7-list-item last\"><label><span class=\"wpcf7-list-item-label\">Prix: $55--55<\/span><input type=\"radio\" name=\"radio-ff\" value=\"Prix: $55--55\" \/><\/label><\/span><\/span><\/span><br \/>\n__________________________________________________________<br \/>\n[\/group]<\/p>\n<p>Forfait(S) choisi(s) sous-total<br \/>\n<span class=\"wpcf7-form-control-wrap calculator-888\"><input type=\"text\" name=\"calculator-888\" value=\"0\" class=\"wpcf7-form-control wpcf7-calculator wpcf7-validates-as-calculator occf7cal-total\" readonly=\"readonly\" precision=\"2\" data-formulas=\"radio-fa+radio-fb+radio-fc+radio-fd+radio-fe1+radio-fe2+radio-fe3+radio-fe4 + radio-ff\" \/><\/span><\/p>\n<p><span class=\"wpcf7-form-control-wrap radio-fm\"><span class=\"wpcf7-form-control wpcf7-radio\"><span class=\"wpcf7-list-item first last\"><label><span class=\"wpcf7-list-item-label\">Frais manutention: $5,50--5.5<\/span><input type=\"radio\" name=\"radio-fm\" value=\"Frais manutention: $5,50--5.5\" checked=\"checked\" \/><\/label><\/span><\/span><\/span><br \/>\n<span class=\"wpcf7-form-control-wrap radio-fr\"><span class=\"wpcf7-form-control wpcf7-radio\"><span class=\"wpcf7-list-item first\"><label><span class=\"wpcf7-list-item-label\">non--0<\/span><input type=\"radio\" name=\"radio-fr\" value=\"non--0\" checked=\"checked\" \/><\/label><\/span><span class=\"wpcf7-list-item last\"><label><span class=\"wpcf7-list-item-label\">Frais retard: $6,50--6.5<\/span><input type=\"radio\" name=\"radio-fr\" value=\"Frais retard: $6,50--6.5\" \/><\/label><\/span><\/span><\/span><br \/>\nLes frais de retard sont applicables apr\u00e8s la date limite d'achat (date indiqu\u00e9e sous chaque \u00e9chantillon). Ils seront automatiquement ajout\u00e9s lors du paiement si vous ne les avez pas s\u00e9lectionn\u00e9s<br \/>\nsous-total <span class=\"wpcf7-form-control-wrap calculator-st\"><input type=\"text\" name=\"calculator-st\" value=\"0\" class=\"wpcf7-form-control wpcf7-calculator wpcf7-validates-as-calculator occf7cal-total\" readonly=\"readonly\" precision=\"2\" data-formulas=\"calculator-888+radio-fm+radio-fr\" \/><\/span><br \/>\ntps 5% <span class=\"wpcf7-form-control-wrap calculator-tps\"><input type=\"text\" name=\"calculator-tps\" value=\"0\" class=\"wpcf7-form-control wpcf7-calculator wpcf7-validates-as-calculator occf7cal-total\" readonly=\"readonly\" precision=\"2\" data-formulas=\"calculator-st * 0.05\" \/><\/span><br \/>\ntvq 9.975% <span class=\"wpcf7-form-control-wrap calculator-tvq\"><input type=\"text\" name=\"calculator-tvq\" value=\"0\" class=\"wpcf7-form-control wpcf7-calculator wpcf7-validates-as-calculator occf7cal-total\" readonly=\"readonly\" precision=\"2\" data-formulas=\"calculator-st * 0.09975\" \/><\/span><br \/>\ntotal <span class=\"wpcf7-form-control-wrap calculator-total\"><input type=\"text\" name=\"calculator-total\" value=\"0\" class=\"wpcf7-form-control wpcf7-calculator wpcf7-validates-as-calculator occf7cal-total\" readonly=\"readonly\" precision=\"2\" data-formulas=\"calculator-st + calculator-tps + calculator-tvq\" \/><\/span><\/p>\n<p>[group group-err-FA]Vous avez choisis forfait A SVP selectionner le prix[\/group]<\/p>\n<p>Mode de paiement<br \/>\n<span class=\"wpcf7-form-control-wrap checkbox-paiement\"><span class=\"wpcf7-form-control wpcf7-checkbox wpcf7-validates-as-required wpcf7-exclusive-checkbox\"><span class=\"wpcf7-list-item first\"><input type=\"checkbox\" name=\"checkbox-paiement\" value=\"Ch\u00e8que\" \/><span class=\"wpcf7-list-item-label\">Ch\u00e8que<\/span><\/span><span class=\"wpcf7-list-item\"><input type=\"checkbox\" name=\"checkbox-paiement\" value=\"mandat poste\" \/><span class=\"wpcf7-list-item-label\">mandat poste<\/span><\/span><span class=\"wpcf7-list-item\"><input type=\"checkbox\" name=\"checkbox-paiement\" value=\"comptant\" \/><span class=\"wpcf7-list-item-label\">comptant<\/span><\/span><span class=\"wpcf7-list-item\"><input type=\"checkbox\" name=\"checkbox-paiement\" value=\"Visa\" \/><span class=\"wpcf7-list-item-label\">Visa<\/span><\/span><span class=\"wpcf7-list-item last\"><input type=\"checkbox\" name=\"checkbox-paiement\" value=\"Mastercard\" \/><span class=\"wpcf7-list-item-label\">Mastercard<\/span><\/span><\/span><\/span><br \/>\n[group group-cheque]Les ch\u00e8ques et mandats de poste \u00e0 l'ordre de Service de photographie Patrick[\/group]<br \/>\n[group group-interact]comptant[\/group]<br \/>\n[group group-cc]<br \/>\nNumero de la carte:<span class=\"wpcf7-form-control-wrap text-cc\"><input type=\"text\" name=\"text-cc\" value=\"\" size=\"30\" maxlength=\"19\" class=\"wpcf7-form-control wpcf7-text\" aria-invalid=\"false\" placeholder=\"xxxx-xxxx-xxxx-xxxx\" \/><\/span><br \/>\ndate d'expiration<span class=\"wpcf7-form-control-wrap text-de\"><input type=\"text\" name=\"text-de\" value=\"\" size=\"40\" class=\"wpcf7-form-control wpcf7-text\" aria-invalid=\"false\" placeholder=\"xx\/xx\" \/><\/span><br \/>\n[\/group]<br \/>\nsignature <span class=\"wpcf7-form-control-wrap signature\"><input type=\"text\" name=\"signature\" value=\"\" size=\"40\" class=\"wpcf7-form-control wpcf7-text wpcf7-validates-as-required\" aria-required=\"true\" aria-invalid=\"false\" \/><\/span><br \/>\nVotre adresse de messagerie <span class=\"wpcf7-form-control-wrap email\"><input type=\"email\" name=\"email\" value=\"\" size=\"40\" class=\"wpcf7-form-control wpcf7-text wpcf7-email wpcf7-validates-as-required wpcf7-validates-as-email\" aria-required=\"true\" aria-invalid=\"false\" \/><\/span> <\/p>\n<p><label> Avez-vous un message<br \/>\n  <span class=\"wpcf7-form-control-wrap your-message\"><textarea name=\"your-message\" cols=\"40\" rows=\"2\" class=\"wpcf7-form-control wpcf7-textarea\" aria-invalid=\"false\"><\/textarea><\/span> <\/label><\/p>\n<p><input type=\"submit\" value=\"Envoyer\" class=\"wpcf7-form-control wpcf7-submit\" \/><\/p>\n<div class=\"wpcf7-response-output\" aria-hidden=\"true\"><\/div><\/form><\/div>\n\n\n\n<p><\/p>\n","protected":false},"excerpt":{"rendered":"","protected":false},"author":1,"featured_media":0,"parent":0,"menu_order":0,"comment_status":"closed","ping_status":"closed","template":"templates\/template-full.php","meta":{"footnotes":""},"class_list":["post-736","page","type-page","status-publish","hentry","post"],"_links":{"self":[{"href":"https:\/\/photopatrick.com\/pp\/wp-json\/wp\/v2\/pages\/736"}],"collection":[{"href":"https:\/\/photopatrick.com\/pp\/wp-json\/wp\/v2\/pages"}],"about":[{"href":"https:\/\/photopatrick.com\/pp\/wp-json\/wp\/v2\/types\/page"}],"author":[{"embeddable":true,"href":"https:\/\/photopatrick.com\/pp\/wp-json\/wp\/v2\/users\/1"}],"replies":[{"embeddable":true,"href":"https:\/\/photopatrick.com\/pp\/wp-json\/wp\/v2\/comments?post=736"}],"version-history":[{"count":9,"href":"https:\/\/photopatrick.com\/pp\/wp-json\/wp\/v2\/pages\/736\/revisions"}],"predecessor-version":[{"id":4555,"href":"https:\/\/photopatrick.com\/pp\/wp-json\/wp\/v2\/pages\/736\/revisions\/4555"}],"wp:attachment":[{"href":"https:\/\/photopatrick.com\/pp\/wp-json\/wp\/v2\/media?parent=736"}],"curies":[{"name":"wp","href":"https:\/\/api.w.org\/{rel}","templated":true}]}}